{"id":5665,"date":"2023-05-31T00:29:51","date_gmt":"2023-05-31T00:29:51","guid":{"rendered":"https:\/\/hxl.ajv.mybluehost.me\/?page_id=5665"},"modified":"2023-06-01T06:40:28","modified_gmt":"2023-06-01T06:40:28","slug":"sebastian-cantero","status":"publish","type":"page","link":"https:\/\/chaco-staging-old.f5capitaldebtfund.com\/es\/sebastian-cantero\/","title":{"rendered":"Sebasti\u00e1n Cantero"},"content":{"rendered":"<div data-elementor-type=\"wp-page\" data-elementor-id=\"5665\" class=\"elementor elementor-5665\" data-elementor-post-type=\"page\">\n\t\t\t\t\t\t<section class=\"elementor-section elementor-top-section elementor-element elementor-element-bab036c elementor-section-boxed elementor-section-height-default elementor-section-height-default sc_fly_static\" data-id=\"bab036c\" data-element_type=\"section\">\n\t\t\t\t\t\t<div class=\"elementor-container elementor-column-gap-extended\">\n\t\t\t\t\t<div class=\"elementor-column elementor-col-50 elementor-top-column elementor-element elementor-element-782e24e sc_inner_width_none sc_content_align_inherit sc_layouts_column_icons_position_left sc_fly_static\" data-id=\"782e24e\" data-element_type=\"column\">\n\t\t\t<div class=\"elementor-widget-wrap elementor-element-populated\">\n\t\t\t\t<style>\n.Ppb_imgWrap{\n\ttext-align: center;\n}\n\n.Ppb_popImg,\n.Ppb_popconWrap{\n\tdisplay: inline-block;\n}\n\n.Ppb_popImg{\n\t\twidth: 30%;\n}\n\n.Ppb_popImg img{\n\tborder-radius: 7px !important;\n\tmargin-top: -80px;\n\n\t  \n}\n\n.Ppb_popconWrap{\n   margin-left: -23px;;\n\twidth: 64%;\n}\n\n.Ppb_popconWrap .Ppb_pcvTitl{\n     margin-bottom: 7px;\n}\n\n.Ppb_popconWrap .Ppb_pcvTitl .Ppb_titlWrap{\n       font-size: 24px !important;\n\t    margin-bottom: 0 !important;\n}\n\n\n\n.Ppb_popItem{\n\tposition: absolute;   \n\tcursor: pointer;    \n\n}\n.Ppb_popItem1{\n   top: 58%;\n    left: 42%;\t\n}\n.Ppb_popItem2{\n   top: 49%;\n  left: 44.5%;\t\n}\n\n.Ppb_popItem3{\n     top: 42%;\n    left: 44%;\t\n}\n\n.Ppb_popItem4{\n     top: 42%;\n    left: 52%;\t\n}\n\n.Ppb_popItem5{\n    top: 48%;\n    left: 51%;\t\n}\n\n.Ppb_popcontainer{\n\tposition: relative;\n    background: #ffffff;\n\tbox-shadow: 0px 40px 80px 0px rgba(13, 45, 24, 0.30);\n\t    padding: 0px 20px 0px 20px;\n    border-radius: 7px;\n    border: 2px solid rgba(255, 255, 255, 0.22);\n\t    margin-left: -56px;\n\topacity: 0;\n\twidth:0;\n\theight: 0;\n\tvisibility: none;\n\ttransition: all 100ms ease-in;\n\tdisplay: none;\n\tmax-width: 443px;\n\t\n\t\n\t\n}\n\n.Ppb_popItem:hover > .Ppb_popcontainer{\n    opacity: 1;\n\twidth: auto;\n\theight: auto;\n\tvisibility: visible;\n\tdisplay: block;\n\tz-index: 9999;\n\t\n} \n\n.Ppb_popcontainer:before{\n    position: absolute;\n    content: '';\n    width: 0;\n    height: 0;\n    border-left: 30px solid transparent;\n    border-right: 30px solid transparent;\n    border-bottom: 30px solid #ffffff;\n    top: -19px;\n\tleft: 35px;\n\t\n}\n\n.Ppb_mapContainer{\n\tposition: relative;\n}\n\n.Ppb_popPointer{\n\twidth: 24px;\n\theight: 24px;\n\tbackground: #FF4B2D;\n\tborder-radius: 20px;\n    margin-bottom: 30px;\n}\n\n.Ppb_popPointer:hover{\n\ttransition: all 100ms ease-in;\n\tbackground: #0083F9;\n}\n\n.pulse {\n  animation: pulse-animation 2s infinite !important;\n}\n\n@keyframes pulse-animation {\n  0% {\n    box-shadow: 0 0 0 0px rgba(255, 75, 45, 0.5);\n  }\n  100% {\n    box-shadow: 0 0 0 10px rgba(255, 75, 45, 0.3);\n  }\n}\n\n.pulse_hover {\n  animation: pulse-animation-hover 2s infinite;\n}\n\n@keyframes pulse-animation-hover {\n  0% {\n    box-shadow: 0 0 0 0px rgba(255, 75, 45, 0.2);\n  }\n  100% {\n    box-shadow: 0 0 0 20px rgba(255, 75, 45, 0);\n  }\n}\n\n\n@media only screen and (max-width: 1024px){\n\t.Ppb_popPointer {\n  width: 16px;\n  height: 16px;\n\n}\n\t\n\t.Ppb_popItem1{\n    left: 40%;\t\n}\n.Ppb_popItem2{\n    left: 44%;\t\n}\n\n.Ppb_popItem3{\n    left: 43%;\t\n}\n\n}\n\n@media only screen and (max-width: 768px){\n\t\n\t\t.Ppb_popItem1{\n    left: 38%;\t\n}\n\t\n.Ppb_popItem2{\n    left: 41%;\t\n}\n\n.Ppb_popItem3{\n    left: 40%;\t\n}\n\t\n\t.Ppb_popcontainer{\n  margin-left: -230px;\n}\n\n.Ppb_popcontainer::before{\n\ntop: -23px;\nleft: 203px;\n\n}\n\t\n\t\n}\n<\/style><style>\n\n.Ppb_imagWrap{\n\ttext-align: center;\n}\n\n\n.Ppb_popItems{\n\tposition: absolute;   \n\tcursor: pointer;    \n\n}\n.Ppb_popItems1{\n    top: 76%;\n    left: 38.5%;\t\n}\n.Ppb_popItems2{\n    top: 49%;\n    left: 48%;\t\n}\n\n.Ppb_popItems3{\n      top: 17%;\n    left: 12.5%;\t\n}\n\n.Ppb_popItems4{\n     top: 30%;\n    left: 77%;\t\n}\n\n\n.Ppb_areaContainer{\n\tposition: relative;\n}\n\n.Ppb_popPointers{\n\twidth: 24px;\n\theight: 24px;\n\tbackground: #FF4B2D;\n\tborder-radius: 20px;\n    margin-bottom: 30px;\n}\n\n.Ppb_popPointers:hover{\n\ttransition: all 100ms ease-in;\n\tbackground: #ffffff;\n}\n\n.pulses {\n  animation: pulse-animation 2s infinite;\n}\n\n@keyframes pulse-animation {\n  0% {\n    box-shadow: 0 0 0 0px rgba(255, 75, 45, 0.2);\n  }\n  100% {\n    box-shadow: 0 0 0 20px rgba(255, 75, 45, 0.3);\n  }\n}\n\n\n.pulses_hover {\n  animation: pulse-animation-hover 2s infinite;\n}\n\n@keyframes pulses-animation-hover {\n  0% {\n    box-shadow: 0 0 0 0px rgba(255, 75, 45, 0.2);\n  }\n  100% {\n    box-shadow: 0 0 0 20px rgba(255, 75, 45, 0);\n  }\n}\n\n@media only screen and (max-width: 1024px){\n\t.Ppb_popPointers {\n  width: 16px;\n  height: 16px;\n\n}\n\t\n\t.Ppb_popItems1{\n    left: 40%;\t\n}\n.Ppb_popItems2{\n    left: 48%;\t\n}\n\n.Ppb_popItems3{\n    left: 3%;\t\n}\n\n.Ppb_popItems4{\n    left: 84%;\t\n}\n\n}\n\n@media only screen and (max-width: 768px){\n\n\t.Ppb_popItems1{\n    left: 37%;\t\n}\n\n}\n\n\n\n<\/style>\t\t<div class=\"elementor-element elementor-element-b927f0f sc_fly_static elementor-widget elementor-widget-image\" data-id=\"b927f0f\" data-element_type=\"widget\" data-widget_type=\"image.default\">\n\t\t\t\t<div class=\"elementor-widget-container\">\n\t\t\t\t\t\t\t\t\t\t\t\t\t<img fetchpriority=\"high\" decoding=\"async\" width=\"684\" height=\"1024\" src=\"https:\/\/chaco-staging-old.f5capitaldebtfund.com\/wp-content\/uploads\/2023\/05\/chaco-vivo-fotos-corporativas-2-684x1024.jpg\" class=\"attachment-large size-large wp-image-5678\" alt=\"\" srcset=\"https:\/\/chaco-staging-old.f5capitaldebtfund.com\/wp-content\/uploads\/2023\/05\/chaco-vivo-fotos-corporativas-2-684x1024.jpg 684w, https:\/\/chaco-staging-old.f5capitaldebtfund.com\/wp-content\/uploads\/2023\/05\/chaco-vivo-fotos-corporativas-2-200x300.jpg 200w, https:\/\/chaco-staging-old.f5capitaldebtfund.com\/wp-content\/uploads\/2023\/05\/chaco-vivo-fotos-corporativas-2-768x1150.jpg 768w, https:\/\/chaco-staging-old.f5capitaldebtfund.com\/wp-content\/uploads\/2023\/05\/chaco-vivo-fotos-corporativas-2-1026x1536.jpg 1026w, https:\/\/chaco-staging-old.f5capitaldebtfund.com\/wp-content\/uploads\/2023\/05\/chaco-vivo-fotos-corporativas-2-1368x2048.jpg 1368w, https:\/\/chaco-staging-old.f5capitaldebtfund.com\/wp-content\/uploads\/2023\/05\/chaco-vivo-fotos-corporativas-2-8x12.jpg 8w, https:\/\/chaco-staging-old.f5capitaldebtfund.com\/wp-content\/uploads\/2023\/05\/chaco-vivo-fotos-corporativas-2-370x554.jpg 370w, https:\/\/chaco-staging-old.f5capitaldebtfund.com\/wp-content\/uploads\/2023\/05\/chaco-vivo-fotos-corporativas-2-842x1260.jpg 842w, https:\/\/chaco-staging-old.f5capitaldebtfund.com\/wp-content\/uploads\/2023\/05\/chaco-vivo-fotos-corporativas-2-406x608.jpg 406w, https:\/\/chaco-staging-old.f5capitaldebtfund.com\/wp-content\/uploads\/2023\/05\/chaco-vivo-fotos-corporativas-2-scaled.jpg 1710w\" sizes=\"(max-width: 684px) 100vw, 684px\" \/>\t\t\t\t\t\t\t\t\t\t\t\t\t<\/div>\n\t\t\t\t<\/div>\n\t\t\t\t\t<\/div>\n\t\t<\/div>\n\t\t\t\t<div class=\"elementor-column elementor-col-50 elementor-top-column elementor-element elementor-element-46dd8d0 sc_inner_width_none sc_content_align_inherit sc_layouts_column_icons_position_left sc_fly_static\" data-id=\"46dd8d0\" data-element_type=\"column\" data-settings=\"{&quot;background_background&quot;:&quot;classic&quot;}\">\n\t\t\t<div class=\"elementor-widget-wrap elementor-element-populated\">\n\t\t\t\t\t\t<div class=\"elementor-element elementor-element-b1974c9 sc_fly_static elementor-widget elementor-widget-heading\" data-id=\"b1974c9\" data-element_type=\"widget\" data-widget_type=\"heading.default\">\n\t\t\t\t<div class=\"elementor-widget-container\">\n\t\t\t<h2 class=\"elementor-heading-title elementor-size-default\">Sebasti\u00e1n Cantero<\/h2>\t\t<\/div>\n\t\t\t\t<\/div>\n\t\t\t\t<div class=\"elementor-element elementor-element-e4d0a22 sc_fly_static elementor-widget elementor-widget-text-editor\" data-id=\"e4d0a22\" data-element_type=\"widget\" data-widget_type=\"text-editor.default\">\n\t\t\t\t<div class=\"elementor-widget-container\">\n\t\t\t\t\t\t\t<p>Comunicaciones<\/p>\t\t\t\t\t\t<\/div>\n\t\t\t\t<\/div>\n\t\t\t\t<div class=\"elementor-element elementor-element-1a5e8e9 sc_fly_static elementor-widget elementor-widget-text-editor\" data-id=\"1a5e8e9\" data-element_type=\"widget\" data-widget_type=\"text-editor.default\">\n\t\t\t\t<div class=\"elementor-widget-container\">\n\t\t\t\t\t\t\t<p><strong>Correo electr\u00f3nico<\/strong>: <span style=\"color: #333333;\">scantero@victoria.com.py<\/span><\/p>\t\t\t\t\t\t<\/div>\n\t\t\t\t<\/div>\n\t\t\t\t<div class=\"elementor-element elementor-element-bd146e8 sc_fly_static elementor-widget elementor-widget-text-editor\" data-id=\"bd146e8\" data-element_type=\"widget\" data-widget_type=\"text-editor.default\">\n\t\t\t\t<div class=\"elementor-widget-container\">\n\t\t\t\t\t\t\t<p>Sebasti\u00e1n trabaja en publicidad, marketing y comunicaci\u00f3n desde hace m\u00e1s de 15 a\u00f1os. Ha escrito art\u00edculos y coordinado sesiones de fotos para revistas de moda y gastronom\u00eda, ha estructurado, guionado y producido programas de radio y televisi\u00f3n, y ha dirigido equipos de comunicaci\u00f3n institucional en organizaciones como el complejo hidroel\u00e9ctrico argentino-paraguayo Entidad Binacional Yacyret\u00e1 (EBY), y para la filial paraguaya de la Organizaci\u00f3n de Estados Iberoamericanos (OEI). Le gusta escribir, la fotograf\u00eda y el podcasting, y es asesor de redes sociales y creatividad. Sebasti\u00e1n estudi\u00f3 Ciencias de la Comunicaci\u00f3n en la Universidad Americana, en Asunci\u00f3n.<\/p>\t\t\t\t\t\t<\/div>\n\t\t\t\t<\/div>\n\t\t\t\t\t<\/div>\n\t\t<\/div>\n\t\t\t\t\t<\/div>\n\t\t<\/section>\n\t\t\t\t<\/div>","protected":false},"excerpt":{"rendered":"<p>Sebasti\u00e1n Cantero Communications Email: scantero@victoria.com.py Sebasti\u00e1n has been working in advertising, marketing, and communication for more than 15 years. He has written articles and coordinated photo-shoots for fashion and gastronomy magazines, has structured, scripted, and&hellip;<\/p>","protected":false},"author":1,"featured_media":0,"parent":0,"menu_order":0,"comment_status":"closed","ping_status":"closed","template":"","meta":{"give_campaign_id":0,"footnotes":""},"class_list":["post-5665","page","type-page","status-publish","hentry"],"campaignId":"","_links":{"self":[{"href":"https:\/\/chaco-staging-old.f5capitaldebtfund.com\/es\/wp-json\/wp\/v2\/pages\/5665","targetHints":{"allow":["GET"]}}],"collection":[{"href":"https:\/\/chaco-staging-old.f5capitaldebtfund.com\/es\/wp-json\/wp\/v2\/pages"}],"about":[{"href":"https:\/\/chaco-staging-old.f5capitaldebtfund.com\/es\/wp-json\/wp\/v2\/types\/page"}],"author":[{"embeddable":true,"href":"https:\/\/chaco-staging-old.f5capitaldebtfund.com\/es\/wp-json\/wp\/v2\/users\/1"}],"replies":[{"embeddable":true,"href":"https:\/\/chaco-staging-old.f5capitaldebtfund.com\/es\/wp-json\/wp\/v2\/comments?post=5665"}],"version-history":[{"count":13,"href":"https:\/\/chaco-staging-old.f5capitaldebtfund.com\/es\/wp-json\/wp\/v2\/pages\/5665\/revisions"}],"predecessor-version":[{"id":5758,"href":"https:\/\/chaco-staging-old.f5capitaldebtfund.com\/es\/wp-json\/wp\/v2\/pages\/5665\/revisions\/5758"}],"wp:attachment":[{"href":"https:\/\/chaco-staging-old.f5capitaldebtfund.com\/es\/wp-json\/wp\/v2\/media?parent=5665"}],"curies":[{"name":"wp","href":"https:\/\/api.w.org\/{rel}","templated":true}]}}