{"id":5679,"date":"2023-05-31T00:36:20","date_gmt":"2023-05-31T00:36:20","guid":{"rendered":"https:\/\/hxl.ajv.mybluehost.me\/?page_id=5679"},"modified":"2023-05-31T00:39:06","modified_gmt":"2023-05-31T00:39:06","slug":"fabio-leite","status":"publish","type":"page","link":"https:\/\/chaco-staging-old.f5capitaldebtfund.com\/es\/fabio-leite\/","title":{"rendered":"F\u00e1bio Leite"},"content":{"rendered":"<div data-elementor-type=\"wp-page\" data-elementor-id=\"5679\" class=\"elementor elementor-5679\" data-elementor-post-type=\"page\">\n\t\t\t\t\t\t<section class=\"elementor-section elementor-top-section elementor-element elementor-element-656cdf0 elementor-section-boxed elementor-section-height-default elementor-section-height-default sc_fly_static\" data-id=\"656cdf0\" data-element_type=\"section\">\n\t\t\t\t\t\t<div class=\"elementor-container elementor-column-gap-extended\">\n\t\t\t\t\t<div class=\"elementor-column elementor-col-50 elementor-top-column elementor-element elementor-element-49fca27 sc_inner_width_none sc_content_align_inherit sc_layouts_column_icons_position_left sc_fly_static\" data-id=\"49fca27\" data-element_type=\"column\">\n\t\t\t<div class=\"elementor-widget-wrap elementor-element-populated\">\n\t\t\t\t<style>\n.Ppb_imgWrap{\n\ttext-align: center;\n}\n\n.Ppb_popImg,\n.Ppb_popconWrap{\n\tdisplay: inline-block;\n}\n\n.Ppb_popImg{\n\t\twidth: 30%;\n}\n\n.Ppb_popImg img{\n\tborder-radius: 7px !important;\n\tmargin-top: -80px;\n\n\t  \n}\n\n.Ppb_popconWrap{\n   margin-left: -23px;;\n\twidth: 64%;\n}\n\n.Ppb_popconWrap .Ppb_pcvTitl{\n     margin-bottom: 7px;\n}\n\n.Ppb_popconWrap .Ppb_pcvTitl .Ppb_titlWrap{\n       font-size: 24px !important;\n\t    margin-bottom: 0 !important;\n}\n\n\n\n.Ppb_popItem{\n\tposition: absolute;   \n\tcursor: pointer;    \n\n}\n.Ppb_popItem1{\n   top: 58%;\n    left: 42%;\t\n}\n.Ppb_popItem2{\n   top: 49%;\n  left: 44.5%;\t\n}\n\n.Ppb_popItem3{\n     top: 42%;\n    left: 44%;\t\n}\n\n.Ppb_popItem4{\n     top: 42%;\n    left: 52%;\t\n}\n\n.Ppb_popItem5{\n    top: 48%;\n    left: 51%;\t\n}\n\n.Ppb_popcontainer{\n\tposition: relative;\n    background: #ffffff;\n\tbox-shadow: 0px 40px 80px 0px rgba(13, 45, 24, 0.30);\n\t    padding: 0px 20px 0px 20px;\n    border-radius: 7px;\n    border: 2px solid rgba(255, 255, 255, 0.22);\n\t    margin-left: -56px;\n\topacity: 0;\n\twidth:0;\n\theight: 0;\n\tvisibility: none;\n\ttransition: all 100ms ease-in;\n\tdisplay: none;\n\tmax-width: 443px;\n\t\n\t\n\t\n}\n\n.Ppb_popItem:hover > .Ppb_popcontainer{\n    opacity: 1;\n\twidth: auto;\n\theight: auto;\n\tvisibility: visible;\n\tdisplay: block;\n\tz-index: 9999;\n\t\n} \n\n.Ppb_popcontainer:before{\n    position: absolute;\n    content: '';\n    width: 0;\n    height: 0;\n    border-left: 30px solid transparent;\n    border-right: 30px solid transparent;\n    border-bottom: 30px solid #ffffff;\n    top: -19px;\n\tleft: 35px;\n\t\n}\n\n.Ppb_mapContainer{\n\tposition: relative;\n}\n\n.Ppb_popPointer{\n\twidth: 24px;\n\theight: 24px;\n\tbackground: #FF4B2D;\n\tborder-radius: 20px;\n    margin-bottom: 30px;\n}\n\n.Ppb_popPointer:hover{\n\ttransition: all 100ms ease-in;\n\tbackground: #0083F9;\n}\n\n.pulse {\n  animation: pulse-animation 2s infinite !important;\n}\n\n@keyframes pulse-animation {\n  0% {\n    box-shadow: 0 0 0 0px rgba(255, 75, 45, 0.5);\n  }\n  100% {\n    box-shadow: 0 0 0 10px rgba(255, 75, 45, 0.3);\n  }\n}\n\n.pulse_hover {\n  animation: pulse-animation-hover 2s infinite;\n}\n\n@keyframes pulse-animation-hover {\n  0% {\n    box-shadow: 0 0 0 0px rgba(255, 75, 45, 0.2);\n  }\n  100% {\n    box-shadow: 0 0 0 20px rgba(255, 75, 45, 0);\n  }\n}\n\n\n@media only screen and (max-width: 1024px){\n\t.Ppb_popPointer {\n  width: 16px;\n  height: 16px;\n\n}\n\t\n\t.Ppb_popItem1{\n    left: 40%;\t\n}\n.Ppb_popItem2{\n    left: 44%;\t\n}\n\n.Ppb_popItem3{\n    left: 43%;\t\n}\n\n}\n\n@media only screen and (max-width: 768px){\n\t\n\t\t.Ppb_popItem1{\n    left: 38%;\t\n}\n\t\n.Ppb_popItem2{\n    left: 41%;\t\n}\n\n.Ppb_popItem3{\n    left: 40%;\t\n}\n\t\n\t.Ppb_popcontainer{\n  margin-left: -230px;\n}\n\n.Ppb_popcontainer::before{\n\ntop: -23px;\nleft: 203px;\n\n}\n\t\n\t\n}\n<\/style><style>\n\n.Ppb_imagWrap{\n\ttext-align: center;\n}\n\n\n.Ppb_popItems{\n\tposition: absolute;   \n\tcursor: pointer;    \n\n}\n.Ppb_popItems1{\n    top: 76%;\n    left: 38.5%;\t\n}\n.Ppb_popItems2{\n    top: 49%;\n    left: 48%;\t\n}\n\n.Ppb_popItems3{\n      top: 17%;\n    left: 12.5%;\t\n}\n\n.Ppb_popItems4{\n     top: 30%;\n    left: 77%;\t\n}\n\n\n.Ppb_areaContainer{\n\tposition: relative;\n}\n\n.Ppb_popPointers{\n\twidth: 24px;\n\theight: 24px;\n\tbackground: #FF4B2D;\n\tborder-radius: 20px;\n    margin-bottom: 30px;\n}\n\n.Ppb_popPointers:hover{\n\ttransition: all 100ms ease-in;\n\tbackground: #ffffff;\n}\n\n.pulses {\n  animation: pulse-animation 2s infinite;\n}\n\n@keyframes pulse-animation {\n  0% {\n    box-shadow: 0 0 0 0px rgba(255, 75, 45, 0.2);\n  }\n  100% {\n    box-shadow: 0 0 0 20px rgba(255, 75, 45, 0.3);\n  }\n}\n\n\n.pulses_hover {\n  animation: pulse-animation-hover 2s infinite;\n}\n\n@keyframes pulses-animation-hover {\n  0% {\n    box-shadow: 0 0 0 0px rgba(255, 75, 45, 0.2);\n  }\n  100% {\n    box-shadow: 0 0 0 20px rgba(255, 75, 45, 0);\n  }\n}\n\n@media only screen and (max-width: 1024px){\n\t.Ppb_popPointers {\n  width: 16px;\n  height: 16px;\n\n}\n\t\n\t.Ppb_popItems1{\n    left: 40%;\t\n}\n.Ppb_popItems2{\n    left: 48%;\t\n}\n\n.Ppb_popItems3{\n    left: 3%;\t\n}\n\n.Ppb_popItems4{\n    left: 84%;\t\n}\n\n}\n\n@media only screen and (max-width: 768px){\n\n\t.Ppb_popItems1{\n    left: 37%;\t\n}\n\n}\n\n\n\n<\/style>\t\t<div class=\"elementor-element elementor-element-48edf8c sc_fly_static elementor-widget elementor-widget-image\" data-id=\"48edf8c\" data-element_type=\"widget\" data-widget_type=\"image.default\">\n\t\t\t\t<div class=\"elementor-widget-container\">\n\t\t\t\t\t\t\t\t\t\t\t\t\t<img fetchpriority=\"high\" decoding=\"async\" width=\"684\" height=\"1024\" src=\"https:\/\/chaco-staging-old.f5capitaldebtfund.com\/wp-content\/uploads\/2023\/05\/fotos-fabio-2-684x1024.jpg\" class=\"attachment-large size-large wp-image-5683\" alt=\"\" srcset=\"https:\/\/chaco-staging-old.f5capitaldebtfund.com\/wp-content\/uploads\/2023\/05\/fotos-fabio-2-684x1024.jpg 684w, https:\/\/chaco-staging-old.f5capitaldebtfund.com\/wp-content\/uploads\/2023\/05\/fotos-fabio-2-200x300.jpg 200w, https:\/\/chaco-staging-old.f5capitaldebtfund.com\/wp-content\/uploads\/2023\/05\/fotos-fabio-2-768x1150.jpg 768w, https:\/\/chaco-staging-old.f5capitaldebtfund.com\/wp-content\/uploads\/2023\/05\/fotos-fabio-2-1026x1536.jpg 1026w, https:\/\/chaco-staging-old.f5capitaldebtfund.com\/wp-content\/uploads\/2023\/05\/fotos-fabio-2-1368x2048.jpg 1368w, https:\/\/chaco-staging-old.f5capitaldebtfund.com\/wp-content\/uploads\/2023\/05\/fotos-fabio-2-8x12.jpg 8w, https:\/\/chaco-staging-old.f5capitaldebtfund.com\/wp-content\/uploads\/2023\/05\/fotos-fabio-2-370x554.jpg 370w, https:\/\/chaco-staging-old.f5capitaldebtfund.com\/wp-content\/uploads\/2023\/05\/fotos-fabio-2-842x1261.jpg 842w, https:\/\/chaco-staging-old.f5capitaldebtfund.com\/wp-content\/uploads\/2023\/05\/fotos-fabio-2-406x608.jpg 406w, https:\/\/chaco-staging-old.f5capitaldebtfund.com\/wp-content\/uploads\/2023\/05\/fotos-fabio-2-scaled.jpg 1710w\" sizes=\"(max-width: 684px) 100vw, 684px\" \/>\t\t\t\t\t\t\t\t\t\t\t\t\t<\/div>\n\t\t\t\t<\/div>\n\t\t\t\t\t<\/div>\n\t\t<\/div>\n\t\t\t\t<div class=\"elementor-column elementor-col-50 elementor-top-column elementor-element elementor-element-243c784 sc_inner_width_none sc_content_align_inherit sc_layouts_column_icons_position_left sc_fly_static\" data-id=\"243c784\" data-element_type=\"column\" data-settings=\"{&quot;background_background&quot;:&quot;classic&quot;}\">\n\t\t\t<div class=\"elementor-widget-wrap elementor-element-populated\">\n\t\t\t\t\t\t<div class=\"elementor-element elementor-element-306e70b sc_fly_static elementor-widget elementor-widget-heading\" data-id=\"306e70b\" data-element_type=\"widget\" data-widget_type=\"heading.default\">\n\t\t\t\t<div class=\"elementor-widget-container\">\n\t\t\t<h2 class=\"elementor-heading-title elementor-size-default\">F\u00e1bio Leite<\/h2>\t\t<\/div>\n\t\t\t\t<\/div>\n\t\t\t\t<div class=\"elementor-element elementor-element-ac265d7 sc_fly_static elementor-widget elementor-widget-text-editor\" data-id=\"ac265d7\" data-element_type=\"widget\" data-widget_type=\"text-editor.default\">\n\t\t\t\t<div class=\"elementor-widget-container\">\n\t\t\t\t\t\t\t<p>Ingeniero forestal<\/p>\t\t\t\t\t\t<\/div>\n\t\t\t\t<\/div>\n\t\t\t\t<div class=\"elementor-element elementor-element-8397003 sc_fly_static elementor-widget elementor-widget-text-editor\" data-id=\"8397003\" data-element_type=\"widget\" data-widget_type=\"text-editor.default\">\n\t\t\t\t<div class=\"elementor-widget-container\">\n\t\t\t\t\t\t\t<p>Fabio es Ingeniero Forestal, con maestr\u00eda en Tecnolog\u00eda de Productos Forestales y doctorado en Qu\u00edmica de la Madera - Productos Carbonosos por la Universidade Estadual Paulista - UNESP de Brasil. Entre 2012 y 2020 fue profesor del curso de Agronom\u00eda e Ingenier\u00eda Forestal de la Facultad de Ciencias Agrarias de S\u00e3o Paulo, impartiendo cursos de Gesti\u00f3n y Producci\u00f3n Forestal, Inventario Forestal y Tecnolog\u00eda de la Madera. Tambi\u00e9n actu\u00f3 como coordinador del curso de Ingenier\u00eda Forestal y gerente de Investigaci\u00f3n y Desarrollo de la Granja Experimental de la Facultad, etapa en la que desarroll\u00f3 varios proyectos de extensi\u00f3n con comunidades quilombolas, ind\u00edgenas y ribere\u00f1as de la regi\u00f3n del Vale do Ribeira y con empresas forestales de la regi\u00f3n del sudoeste de S\u00e3o Paulo. Durante este per\u00edodo, tambi\u00e9n fue consultor de numerosas empresas forestales en Brasil, Paraguay, Venezuela y Trinidad y Tobago. Desde 2021, F\u00e1bio reside en Paraguay y vive en La Victoria, donde dirige el vivero del Proyecto, la selecci\u00f3n de plantas y otras actividades de campo.<\/p>\t\t\t\t\t\t<\/div>\n\t\t\t\t<\/div>\n\t\t\t\t\t<\/div>\n\t\t<\/div>\n\t\t\t\t\t<\/div>\n\t\t<\/section>\n\t\t\t\t<\/div>","protected":false},"excerpt":{"rendered":"<p>F\u00e1bio Leite Forestry Engineer Fabio is a Forestry Engineer, with a master&#8217;s degree in Forest Products Technology and a PhD in wood chemistry &#8211; carbonaceous products from Universidade Estadual Paulista \u2013 UNESP in Brazil. Between&hellip;<\/p>","protected":false},"author":1,"featured_media":0,"parent":0,"menu_order":0,"comment_status":"closed","ping_status":"closed","template":"","meta":{"give_campaign_id":0,"footnotes":""},"class_list":["post-5679","page","type-page","status-publish","hentry"],"campaignId":"","_links":{"self":[{"href":"https:\/\/chaco-staging-old.f5capitaldebtfund.com\/es\/wp-json\/wp\/v2\/pages\/5679","targetHints":{"allow":["GET"]}}],"collection":[{"href":"https:\/\/chaco-staging-old.f5capitaldebtfund.com\/es\/wp-json\/wp\/v2\/pages"}],"about":[{"href":"https:\/\/chaco-staging-old.f5capitaldebtfund.com\/es\/wp-json\/wp\/v2\/types\/page"}],"author":[{"embeddable":true,"href":"https:\/\/chaco-staging-old.f5capitaldebtfund.com\/es\/wp-json\/wp\/v2\/users\/1"}],"replies":[{"embeddable":true,"href":"https:\/\/chaco-staging-old.f5capitaldebtfund.com\/es\/wp-json\/wp\/v2\/comments?post=5679"}],"version-history":[{"count":3,"href":"https:\/\/chaco-staging-old.f5capitaldebtfund.com\/es\/wp-json\/wp\/v2\/pages\/5679\/revisions"}],"predecessor-version":[{"id":5686,"href":"https:\/\/chaco-staging-old.f5capitaldebtfund.com\/es\/wp-json\/wp\/v2\/pages\/5679\/revisions\/5686"}],"wp:attachment":[{"href":"https:\/\/chaco-staging-old.f5capitaldebtfund.com\/es\/wp-json\/wp\/v2\/media?parent=5679"}],"curies":[{"name":"wp","href":"https:\/\/api.w.org\/{rel}","templated":true}]}}