{"id":6245,"date":"2023-07-11T04:51:47","date_gmt":"2023-07-11T04:51:47","guid":{"rendered":"https:\/\/chaco-staging-old.f5capitaldebtfund.com\/?page_id=6245"},"modified":"2023-07-11T04:54:44","modified_gmt":"2023-07-11T04:54:44","slug":"privacy-policy","status":"publish","type":"page","link":"https:\/\/chaco-staging-old.f5capitaldebtfund.com\/es\/privacy-policy\/","title":{"rendered":"Pol\u00edtica de privacidad"},"content":{"rendered":"<div data-elementor-type=\"wp-page\" data-elementor-id=\"6245\" class=\"elementor elementor-6245\" data-elementor-post-type=\"page\">\n\t\t\t\t\t\t<section class=\"elementor-section elementor-top-section elementor-element elementor-element-1d46ac8 elementor-section-boxed elementor-section-height-default elementor-section-height-default sc_fly_static\" data-id=\"1d46ac8\" data-element_type=\"section\">\n\t\t\t\t\t\t<div class=\"elementor-container elementor-column-gap-extended\">\n\t\t\t\t\t<div class=\"elementor-column elementor-col-100 elementor-top-column elementor-element elementor-element-83f27c8 sc_inner_width_none sc_content_align_inherit sc_layouts_column_icons_position_left sc_fly_static\" data-id=\"83f27c8\" data-element_type=\"column\">\n\t\t\t<div class=\"elementor-widget-wrap elementor-element-populated\">\n\t\t\t\t\t\t<section class=\"elementor-section elementor-inner-section elementor-element elementor-element-2a32ab6 elementor-section-content-middle elementor-section-boxed elementor-section-height-default elementor-section-height-default sc_fly_static\" data-id=\"2a32ab6\" data-element_type=\"section\" data-settings=\"{&quot;background_background&quot;:&quot;classic&quot;}\">\n\t\t\t\t\t\t<div class=\"elementor-container elementor-column-gap-no\">\n\t\t\t\t\t<div class=\"elementor-column elementor-col-100 elementor-inner-column elementor-element elementor-element-a490061 scheme_default sc_inner_width_none sc_content_align_inherit sc_layouts_column_icons_position_left sc_fly_static\" data-id=\"a490061\" data-element_type=\"column\" data-settings=\"{&quot;background_background&quot;:&quot;classic&quot;}\">\n\t\t\t<div class=\"elementor-widget-wrap elementor-element-populated\">\n\t\t\t\t<style>\n.Ppb_imgWrap{\n\ttext-align: center;\n}\n\n.Ppb_popImg,\n.Ppb_popconWrap{\n\tdisplay: inline-block;\n}\n\n.Ppb_popImg{\n\t\twidth: 30%;\n}\n\n.Ppb_popImg img{\n\tborder-radius: 7px !important;\n\tmargin-top: -80px;\n\n\t  \n}\n\n.Ppb_popconWrap{\n   margin-left: -23px;;\n\twidth: 64%;\n}\n\n.Ppb_popconWrap .Ppb_pcvTitl{\n     margin-bottom: 7px;\n}\n\n.Ppb_popconWrap .Ppb_pcvTitl .Ppb_titlWrap{\n       font-size: 24px !important;\n\t    margin-bottom: 0 !important;\n}\n\n\n\n.Ppb_popItem{\n\tposition: absolute;   \n\tcursor: pointer;    \n\n}\n.Ppb_popItem1{\n   top: 58%;\n    left: 42%;\t\n}\n.Ppb_popItem2{\n   top: 49%;\n  left: 44.5%;\t\n}\n\n.Ppb_popItem3{\n     top: 42%;\n    left: 44%;\t\n}\n\n.Ppb_popItem4{\n     top: 42%;\n    left: 52%;\t\n}\n\n.Ppb_popItem5{\n    top: 48%;\n    left: 51%;\t\n}\n\n.Ppb_popcontainer{\n\tposition: relative;\n    background: #ffffff;\n\tbox-shadow: 0px 40px 80px 0px rgba(13, 45, 24, 0.30);\n\t    padding: 0px 20px 0px 20px;\n    border-radius: 7px;\n    border: 2px solid rgba(255, 255, 255, 0.22);\n\t    margin-left: -56px;\n\topacity: 0;\n\twidth:0;\n\theight: 0;\n\tvisibility: none;\n\ttransition: all 100ms ease-in;\n\tdisplay: none;\n\tmax-width: 443px;\n\t\n\t\n\t\n}\n\n.Ppb_popItem:hover > .Ppb_popcontainer{\n    opacity: 1;\n\twidth: auto;\n\theight: auto;\n\tvisibility: visible;\n\tdisplay: block;\n\tz-index: 9999;\n\t\n} \n\n.Ppb_popcontainer:before{\n    position: absolute;\n    content: '';\n    width: 0;\n    height: 0;\n    border-left: 30px solid transparent;\n    border-right: 30px solid transparent;\n    border-bottom: 30px solid #ffffff;\n    top: -19px;\n\tleft: 35px;\n\t\n}\n\n.Ppb_mapContainer{\n\tposition: relative;\n}\n\n.Ppb_popPointer{\n\twidth: 24px;\n\theight: 24px;\n\tbackground: #FF4B2D;\n\tborder-radius: 20px;\n    margin-bottom: 30px;\n}\n\n.Ppb_popPointer:hover{\n\ttransition: all 100ms ease-in;\n\tbackground: #0083F9;\n}\n\n.pulse {\n  animation: pulse-animation 2s infinite !important;\n}\n\n@keyframes pulse-animation {\n  0% {\n    box-shadow: 0 0 0 0px rgba(255, 75, 45, 0.5);\n  }\n  100% {\n    box-shadow: 0 0 0 10px rgba(255, 75, 45, 0.3);\n  }\n}\n\n.pulse_hover {\n  animation: pulse-animation-hover 2s infinite;\n}\n\n@keyframes pulse-animation-hover {\n  0% {\n    box-shadow: 0 0 0 0px rgba(255, 75, 45, 0.2);\n  }\n  100% {\n    box-shadow: 0 0 0 20px rgba(255, 75, 45, 0);\n  }\n}\n\n\n@media only screen and (max-width: 1024px){\n\t.Ppb_popPointer {\n  width: 16px;\n  height: 16px;\n\n}\n\t\n\t.Ppb_popItem1{\n    left: 40%;\t\n}\n.Ppb_popItem2{\n    left: 44%;\t\n}\n\n.Ppb_popItem3{\n    left: 43%;\t\n}\n\n}\n\n@media only screen and (max-width: 768px){\n\t\n\t\t.Ppb_popItem1{\n    left: 38%;\t\n}\n\t\n.Ppb_popItem2{\n    left: 41%;\t\n}\n\n.Ppb_popItem3{\n    left: 40%;\t\n}\n\t\n\t.Ppb_popcontainer{\n  margin-left: -230px;\n}\n\n.Ppb_popcontainer::before{\n\ntop: -23px;\nleft: 203px;\n\n}\n\t\n\t\n}\n<\/style><style>\n\n.Ppb_imagWrap{\n\ttext-align: center;\n}\n\n\n.Ppb_popItems{\n\tposition: absolute;   \n\tcursor: pointer;    \n\n}\n.Ppb_popItems1{\n    top: 76%;\n    left: 38.5%;\t\n}\n.Ppb_popItems2{\n    top: 49%;\n    left: 48%;\t\n}\n\n.Ppb_popItems3{\n      top: 17%;\n    left: 12.5%;\t\n}\n\n.Ppb_popItems4{\n     top: 30%;\n    left: 77%;\t\n}\n\n\n.Ppb_areaContainer{\n\tposition: relative;\n}\n\n.Ppb_popPointers{\n\twidth: 24px;\n\theight: 24px;\n\tbackground: #FF4B2D;\n\tborder-radius: 20px;\n    margin-bottom: 30px;\n}\n\n.Ppb_popPointers:hover{\n\ttransition: all 100ms ease-in;\n\tbackground: #ffffff;\n}\n\n.pulses {\n  animation: pulse-animation 2s infinite;\n}\n\n@keyframes pulse-animation {\n  0% {\n    box-shadow: 0 0 0 0px rgba(255, 75, 45, 0.2);\n  }\n  100% {\n    box-shadow: 0 0 0 20px rgba(255, 75, 45, 0.3);\n  }\n}\n\n\n.pulses_hover {\n  animation: pulse-animation-hover 2s infinite;\n}\n\n@keyframes pulses-animation-hover {\n  0% {\n    box-shadow: 0 0 0 0px rgba(255, 75, 45, 0.2);\n  }\n  100% {\n    box-shadow: 0 0 0 20px rgba(255, 75, 45, 0);\n  }\n}\n\n@media only screen and (max-width: 1024px){\n\t.Ppb_popPointers {\n  width: 16px;\n  height: 16px;\n\n}\n\t\n\t.Ppb_popItems1{\n    left: 40%;\t\n}\n.Ppb_popItems2{\n    left: 48%;\t\n}\n\n.Ppb_popItems3{\n    left: 3%;\t\n}\n\n.Ppb_popItems4{\n    left: 84%;\t\n}\n\n}\n\n@media only screen and (max-width: 768px){\n\n\t.Ppb_popItems1{\n    left: 37%;\t\n}\n\n}\n\n\n\n<\/style>\t\t<div class=\"elementor-element elementor-element-1360d93 sc_fly_static elementor-widget elementor-widget-trx_sc_title\" data-id=\"1360d93\" data-element_type=\"widget\" data-widget_type=\"trx_sc_title.default\">\n\t\t\t\t<div class=\"elementor-widget-container\">\n\t\t\t<div\t\tclass=\"sc_title sc_title_default\"><h4 class=\"sc_item_title sc_title_title sc_align_center sc_item_title_style_default sc_item_title_tag\"><span class=\"sc_item_title_text\">Pol\u00edtica de privacidad<\/span><\/h4><\/div>\t\t<\/div>\n\t\t\t\t<\/div>\n\t\t\t\t<div class=\"elementor-element elementor-element-e86cdeb sc_fly_static elementor-widget elementor-widget-text-editor\" data-id=\"e86cdeb\" data-element_type=\"widget\" data-widget_type=\"text-editor.default\">\n\t\t\t\t<div class=\"elementor-widget-container\">\n\t\t\t\t\t\t\t<ol><li><strong> Introducci\u00f3n<\/strong><\/li><\/ol><p>Esta Pol\u00edtica de privacidad describe los tipos de informaci\u00f3n personal <a href=\"https:\/\/chaco-staging-old.f5capitaldebtfund.com\/es\/\">www.chacovivo.com<\/a> (\"el sitio web\", \"nosotros\", \"nuestro\" o \"nos\") y c\u00f3mo la utilizamos, protegemos y divulgamos. Al utilizar nuestro sitio web, usted acepta los t\u00e9rminos de esta pol\u00edtica de privacidad.<\/p><ol start=\"2\"><li><strong> Recogida de informaci\u00f3n<\/strong><\/li><\/ol><p>Podemos recopilar una variedad de informaci\u00f3n personal de usted y sobre usted, como:<\/p><ul><li>Informaci\u00f3n que nos proporciona cuando rellena formularios, se registra en una cuenta, realiza una compra o se comunica con nosotros.<\/li><li>Datos de las transacciones que realice a trav\u00e9s de nuestro sitio web.<\/li><li>Informaci\u00f3n de sus visitas a nuestro sitio web, incluida su direcci\u00f3n IP, tipo de navegador y detalles de uso.<\/li><\/ul><ol start=\"3\"><li><strong> Cookies<\/strong><\/li><\/ol><p>Nuestro Sitio Web puede utilizar \"cookies\" para mejorar la experiencia del Usuario. El navegador web del Usuario coloca cookies en su disco duro con fines de registro y, en ocasiones, para rastrear informaci\u00f3n sobre \u00e9l. El Usuario puede optar por configurar su navegador para que rechace las cookies o para que le avise cuando se env\u00eden cookies.<\/p><ol start=\"4\"><li><strong> Uso de la informaci\u00f3n<\/strong><\/li><\/ol><p>Podemos utilizar la informaci\u00f3n que recopilamos de usted y sobre usted para diversos fines, entre ellos:<\/p><ul><li>Proporcionar, mantener y mejorar nuestro sitio web.<\/li><li>Procesar y completar transacciones, y enviar informaci\u00f3n relacionada, incluidas confirmaciones de transacciones y facturas.<\/li><li>Responder a sus comentarios, preguntas y peticiones y prestar servicio de atenci\u00f3n al cliente.<\/li><\/ul><ol start=\"5\"><li><strong> Intercambio de informaci\u00f3n<\/strong><\/li><\/ol><p>No vendemos, comercializamos ni alquilamos la informaci\u00f3n de identificaci\u00f3n personal de los usuarios a terceros. Podemos compartir informaci\u00f3n demogr\u00e1fica agregada gen\u00e9rica no vinculada a ninguna informaci\u00f3n de identificaci\u00f3n personal relativa a visitantes y usuarios con nuestros socios comerciales, afiliados de confianza y anunciantes.<\/p><ol start=\"6\"><li><strong> Seguridad<\/strong><\/li><\/ol><p>Adoptamos pr\u00e1cticas adecuadas de recopilaci\u00f3n, almacenamiento y procesamiento de datos, as\u00ed como medidas de seguridad para proteger contra el acceso no autorizado, la alteraci\u00f3n, divulgaci\u00f3n o destrucci\u00f3n de su informaci\u00f3n personal, nombre de usuario, contrase\u00f1a, informaci\u00f3n de transacciones y datos almacenados en nuestro Sitio.<\/p><ol start=\"7\"><li><strong> Sitios web de terceros<\/strong><\/li><\/ol><p>Los usuarios pueden encontrar en nuestro Sitio publicidad u otros contenidos que enlazan con los sitios y servicios de nuestros socios, proveedores, anunciantes, patrocinadores, licenciantes y otros terceros. No controlamos el contenido ni los enlaces que aparecen en estos sitios y no somos responsables de las pr\u00e1cticas empleadas por los sitios web enlazados a o desde nuestro Sitio.<\/p><ol start=\"8\"><li><strong> Cumplimiento de la Ley de Protecci\u00f3n de la Privacidad Infantil en Internet<\/strong><\/li><\/ol><p>No recopilamos conscientemente informaci\u00f3n personal identificable de ni\u00f1os menores de 13 a\u00f1os. Si tenemos conocimiento de que hemos recopilado sin saberlo informaci\u00f3n de identificaci\u00f3n personal de un ni\u00f1o menor de 13 a\u00f1os, haremos todo lo razonablemente posible para eliminar dicha informaci\u00f3n de nuestros registros.<\/p><ol start=\"9\"><li><strong> Cambios en esta pol\u00edtica de privacidad<\/strong><\/li><\/ol><p>Nos reservamos el derecho de actualizar esta Pol\u00edtica de Privacidad en cualquier momento. Cuando lo hagamos, revisaremos la fecha de actualizaci\u00f3n en la parte inferior de esta p\u00e1gina. Recomendamos a los usuarios que consulten con frecuencia esta p\u00e1gina para comprobar si se han producido cambios y mantenerse informados sobre c\u00f3mo contribuimos a proteger la informaci\u00f3n personal que recopilamos.<\/p><ol start=\"10\"><li><strong> Contacto<\/strong><\/li><\/ol><p>Si tiene alguna pregunta sobre esta Pol\u00edtica de Privacidad, las pr\u00e1cticas de este sitio o sus relaciones con el mismo, p\u00f3ngase en contacto con nosotros en <a href=\"mailto:info@chacovivo.com\">info@chacovivo.com<\/a>.<\/p><p><strong>\u00daltima actualizaci\u00f3n: 10 de julio de 2023<\/strong><\/p>\t\t\t\t\t\t<\/div>\n\t\t\t\t<\/div>\n\t\t\t\t\t<\/div>\n\t\t<\/div>\n\t\t\t\t\t<\/div>\n\t\t<\/section>\n\t\t\t\t\t<\/div>\n\t\t<\/div>\n\t\t\t\t\t<\/div>\n\t\t<\/section>\n\t\t\t\t<\/div>","protected":false},"excerpt":{"rendered":"<p>Privacy Policy Introduction This Privacy Policy outlines the types of personal information www.chacovivo.com (&#8220;the Website&#8221;, &#8220;we&#8221;, &#8220;our&#8221;, or &#8220;us&#8221;) collects and how we use, protect, and disclose that information. By using our Website, you agree&hellip;<\/p>","protected":false},"author":1,"featured_media":0,"parent":0,"menu_order":0,"comment_status":"closed","ping_status":"closed","template":"","meta":{"give_campaign_id":0,"footnotes":""},"class_list":["post-6245","page","type-page","status-publish","hentry"],"campaignId":"","_links":{"self":[{"href":"https:\/\/chaco-staging-old.f5capitaldebtfund.com\/es\/wp-json\/wp\/v2\/pages\/6245","targetHints":{"allow":["GET"]}}],"collection":[{"href":"https:\/\/chaco-staging-old.f5capitaldebtfund.com\/es\/wp-json\/wp\/v2\/pages"}],"about":[{"href":"https:\/\/chaco-staging-old.f5capitaldebtfund.com\/es\/wp-json\/wp\/v2\/types\/page"}],"author":[{"embeddable":true,"href":"https:\/\/chaco-staging-old.f5capitaldebtfund.com\/es\/wp-json\/wp\/v2\/users\/1"}],"replies":[{"embeddable":true,"href":"https:\/\/chaco-staging-old.f5capitaldebtfund.com\/es\/wp-json\/wp\/v2\/comments?post=6245"}],"version-history":[{"count":3,"href":"https:\/\/chaco-staging-old.f5capitaldebtfund.com\/es\/wp-json\/wp\/v2\/pages\/6245\/revisions"}],"predecessor-version":[{"id":6253,"href":"https:\/\/chaco-staging-old.f5capitaldebtfund.com\/es\/wp-json\/wp\/v2\/pages\/6245\/revisions\/6253"}],"wp:attachment":[{"href":"https:\/\/chaco-staging-old.f5capitaldebtfund.com\/es\/wp-json\/wp\/v2\/media?parent=6245"}],"curies":[{"name":"wp","href":"https:\/\/api.w.org\/{rel}","templated":true}]}}